{"id":2578,"date":"2024-03-20T20:53:25","date_gmt":"2024-03-20T20:53:25","guid":{"rendered":"https:\/\/xclip.nl\/videos\/"},"modified":"2024-05-25T20:00:09","modified_gmt":"2024-05-25T20:00:09","slug":"videos","status":"publish","type":"page","link":"https:\/\/www.xclip.nl\/fr\/videos\/","title":{"rendered":"Videos"},"content":{"rendered":"\t\t<div data-elementor-type=\"wp-page\" data-elementor-id=\"2578\" class=\"elementor elementor-2578 elementor-464\" data-elementor-post-type=\"page\">\n\t\t\t\t<div class=\"elementor-element elementor-element-bd092a5 e-flex e-con-boxed e-con e-parent\" data-id=\"bd092a5\" data-element_type=\"container\" data-settings=\"{&quot;background_background&quot;:&quot;classic&quot;}\">\n\t\t\t\t\t<div class=\"e-con-inner\">\n\t\t<div class=\"elementor-element elementor-element-cec505e e-flex e-con-boxed e-con e-child\" data-id=\"cec505e\" data-element_type=\"container\">\n\t\t\t\t\t<div class=\"e-con-inner\">\n\t\t\t\t<div class=\"elementor-element elementor-element-d0050b4 elementor-widget elementor-widget-heading\" data-id=\"d0050b4\" data-element_type=\"widget\" data-widget_type=\"heading.default\">\n\t\t\t\t<div class=\"elementor-widget-container\">\n\t\t\t\t\t<h1 class=\"elementor-heading-title elementor-size-default\">Videos<\/h1>\t\t\t\t<\/div>\n\t\t\t\t<\/div>\n\t\t\t\t\t<\/div>\n\t\t\t\t<\/div>\n\t\t\t\t\t<\/div>\n\t\t\t\t<\/div>\n\t\t<div class=\"elementor-element elementor-element-a4dfeb4 e-flex e-con-boxed e-con e-parent\" data-id=\"a4dfeb4\" data-element_type=\"container\">\n\t\t\t\t\t<div class=\"e-con-inner\">\n\t\t<div class=\"elementor-element elementor-element-25a127d e-flex e-con-boxed e-con e-child\" data-id=\"25a127d\" data-element_type=\"container\">\n\t\t\t\t\t<div class=\"e-con-inner\">\n\t\t\t\t<div class=\"elementor-element elementor-element-6fb0bff elementor-widget elementor-widget-video\" data-id=\"6fb0bff\" data-element_type=\"widget\" data-settings=\"{&quot;video_type&quot;:&quot;vimeo&quot;,&quot;yt_privacy&quot;:&quot;yes&quot;}\" data-widget_type=\"video.default\">\n\t\t\t\t<div class=\"elementor-widget-container\">\n\t\t\t\t\t\t\t<div class=\"elementor-wrapper elementor-open-inline\">\n\t\t\t<iframe class=\"elementor-video-iframe\" allowfullscreen allow=\"clipboard-write\" title=\"Lecteur vid\u00e9o vimeo\" src=\"https:\/\/player.vimeo.com\/video\/950287977?color&amp;autopause=0&amp;dnt=true&amp;loop=0&amp;muted=0&amp;title=1&amp;portrait=1&amp;byline=1#t=\"><\/iframe>\t\t<\/div>\n\t\t\t\t\t\t<\/div>\n\t\t\t\t<\/div>\n\t\t\t\t<div class=\"elementor-element elementor-element-b631c6c elementor-widget elementor-widget-heading\" data-id=\"b631c6c\" data-element_type=\"widget\" data-widget_type=\"heading.default\">\n\t\t\t\t<div class=\"elementor-widget-container\">\n\t\t\t\t\t<h3 class=\"elementor-heading-title elementor-size-default\">Terrasse<\/h3>\t\t\t\t<\/div>\n\t\t\t\t<\/div>\n\t\t\t\t<div class=\"elementor-element elementor-element-02b2cc2 elementor-widget elementor-widget-text-editor\" data-id=\"02b2cc2\" data-element_type=\"widget\" data-widget_type=\"text-editor.default\">\n\t\t\t\t<div class=\"elementor-widget-container\">\n\t\t\t\t\t\t\t\t\t<p>Le syst\u00e8me X-Clip se caract\u00e9rise par sa simplicit\u00e9 et sa facilit\u00e9 d&rsquo;utilisation pour chaque utilisateur et pour chaque projet. <\/p>\n\t\t\t\t\t\t\t\t<\/div>\n\t\t\t\t<\/div>\n\t\t\t\t\t<\/div>\n\t\t\t\t<\/div>\n\t\t<div class=\"elementor-element elementor-element-7cf294e e-flex e-con-boxed e-con e-child\" data-id=\"7cf294e\" data-element_type=\"container\">\n\t\t\t\t\t<div class=\"e-con-inner\">\n\t\t\t\t<div class=\"elementor-element elementor-element-e261ab6 elementor-widget elementor-widget-video\" data-id=\"e261ab6\" data-element_type=\"widget\" data-settings=\"{&quot;video_type&quot;:&quot;vimeo&quot;,&quot;yt_privacy&quot;:&quot;yes&quot;}\" data-widget_type=\"video.default\">\n\t\t\t\t<div class=\"elementor-widget-container\">\n\t\t\t\t\t\t\t<div class=\"elementor-wrapper elementor-open-inline\">\n\t\t\t<iframe class=\"elementor-video-iframe\" allowfullscreen allow=\"clipboard-write\" title=\"Lecteur vid\u00e9o vimeo\" src=\"https:\/\/player.vimeo.com\/video\/950287920?color&amp;autopause=0&amp;dnt=true&amp;loop=0&amp;muted=0&amp;title=1&amp;portrait=1&amp;byline=1#t=\"><\/iframe>\t\t<\/div>\n\t\t\t\t\t\t<\/div>\n\t\t\t\t<\/div>\n\t\t\t\t<div class=\"elementor-element elementor-element-d53c29e elementor-widget elementor-widget-heading\" data-id=\"d53c29e\" data-element_type=\"widget\" data-widget_type=\"heading.default\">\n\t\t\t\t<div class=\"elementor-widget-container\">\n\t\t\t\t\t<h3 class=\"elementor-heading-title elementor-size-default\">Bardage<\/h3>\t\t\t\t<\/div>\n\t\t\t\t<\/div>\n\t\t\t\t<div class=\"elementor-element elementor-element-ac35413 elementor-widget elementor-widget-text-editor\" data-id=\"ac35413\" data-element_type=\"widget\" data-widget_type=\"text-editor.default\">\n\t\t\t\t<div class=\"elementor-widget-container\">\n\t\t\t\t\t\t\t\t\t<p>Le syst\u00e8me X-Clip se caract\u00e9rise par sa simplicit\u00e9 et sa facilit\u00e9 d&rsquo;utilisation pour chaque utilisateur et pour chaque projet. <\/p>\n\t\t\t\t\t\t\t\t<\/div>\n\t\t\t\t<\/div>\n\t\t\t\t\t<\/div>\n\t\t\t\t<\/div>\n\t\t<div class=\"elementor-element elementor-element-a1df552 e-flex e-con-boxed e-con e-child\" data-id=\"a1df552\" data-element_type=\"container\">\n\t\t\t\t\t<div class=\"e-con-inner\">\n\t\t\t\t<div class=\"elementor-element elementor-element-2cdb734 elementor-widget elementor-widget-video\" data-id=\"2cdb734\" data-element_type=\"widget\" data-settings=\"{&quot;video_type&quot;:&quot;vimeo&quot;,&quot;yt_privacy&quot;:&quot;yes&quot;}\" data-widget_type=\"video.default\">\n\t\t\t\t<div class=\"elementor-widget-container\">\n\t\t\t\t\t\t\t<div class=\"elementor-wrapper elementor-open-inline\">\n\t\t\t<iframe class=\"elementor-video-iframe\" allowfullscreen allow=\"clipboard-write\" title=\"Lecteur vid\u00e9o vimeo\" src=\"https:\/\/player.vimeo.com\/video\/950287956?color&amp;autopause=0&amp;dnt=true&amp;loop=0&amp;muted=0&amp;title=1&amp;portrait=1&amp;byline=1#t=\"><\/iframe>\t\t<\/div>\n\t\t\t\t\t\t<\/div>\n\t\t\t\t<\/div>\n\t\t\t\t<div class=\"elementor-element elementor-element-d42216b elementor-widget elementor-widget-heading\" data-id=\"d42216b\" data-element_type=\"widget\" data-widget_type=\"heading.default\">\n\t\t\t\t<div class=\"elementor-widget-container\">\n\t\t\t\t\t<h3 class=\"elementor-heading-title elementor-size-default\">Cl\u00f4ture<\/h3>\t\t\t\t<\/div>\n\t\t\t\t<\/div>\n\t\t\t\t<div class=\"elementor-element elementor-element-54ff295 elementor-widget elementor-widget-text-editor\" data-id=\"54ff295\" data-element_type=\"widget\" data-widget_type=\"text-editor.default\">\n\t\t\t\t<div class=\"elementor-widget-container\">\n\t\t\t\t\t\t\t\t\t<p>Le syst\u00e8me X-Clip se caract\u00e9rise par sa simplicit\u00e9 et sa facilit\u00e9 d&rsquo;utilisation pour chaque utilisateur et pour chaque projet. <\/p>\n\t\t\t\t\t\t\t\t<\/div>\n\t\t\t\t<\/div>\n\t\t\t\t\t<\/div>\n\t\t\t\t<\/div>\n\t\t\t\t\t<\/div>\n\t\t\t\t<\/div>\n\t\t<div class=\"elementor-element elementor-element-132491c e-flex e-con-boxed e-con e-parent\" data-id=\"132491c\" data-element_type=\"container\">\n\t\t\t\t\t<div class=\"e-con-inner\">\n\t\t<div class=\"elementor-element elementor-element-bba24e7 e-flex e-con-boxed e-con e-child\" data-id=\"bba24e7\" data-element_type=\"container\">\n\t\t\t\t\t<div class=\"e-con-inner\">\n\t\t\t\t\t<\/div>\n\t\t\t\t<\/div>\n\t\t\t\t\t<\/div>\n\t\t\t\t<\/div>\n\t\t\t\t<\/div>\n\t\t","protected":false},"excerpt":{"rendered":"<p>Videos Terrasse Le syst\u00e8me X-Clip se caract\u00e9rise par sa simplicit\u00e9 et sa facilit\u00e9 d&rsquo;utilisation pour chaque utilisateur et pour chaque projet. Bardage Le syst\u00e8me X-Clip se caract\u00e9rise par sa simplicit\u00e9 et sa facilit\u00e9 d&rsquo;utilisation pour chaque utilisateur et pour chaque projet. Cl\u00f4ture Le syst\u00e8me X-Clip se caract\u00e9rise par sa simplicit\u00e9 et sa facilit\u00e9 d&rsquo;utilisation pour [&hellip;]<\/p>\n","protected":false},"author":1,"featured_media":0,"parent":0,"menu_order":0,"comment_status":"closed","ping_status":"closed","template":"elementor_header_footer","meta":{"_acf_changed":false,"footnotes":""},"class_list":["post-2578","page","type-page","status-publish","hentry"],"acf":[],"yoast_head":"<!-- This site is optimized with the Yoast SEO plugin v26.6 - https:\/\/yoast.com\/wordpress\/plugins\/seo\/ -->\n<title>Videos - X-Clip System<\/title>\n<meta name=\"robots\" content=\"index, follow, max-snippet:-1, max-image-preview:large, max-video-preview:-1\" \/>\n<link rel=\"canonical\" href=\"https:\/\/www.xclip.nl\/fr\/videos\/\" \/>\n<meta property=\"og:locale\" content=\"fr_FR\" \/>\n<meta property=\"og:type\" content=\"article\" \/>\n<meta property=\"og:title\" content=\"Videos - X-Clip System\" \/>\n<meta property=\"og:description\" content=\"Videos Terrasse Le syst\u00e8me X-Clip se caract\u00e9rise par sa simplicit\u00e9 et sa facilit\u00e9 d&rsquo;utilisation pour chaque utilisateur et pour chaque projet. Bardage Le syst\u00e8me X-Clip se caract\u00e9rise par sa simplicit\u00e9 et sa facilit\u00e9 d&rsquo;utilisation pour chaque utilisateur et pour chaque projet. Cl\u00f4ture Le syst\u00e8me X-Clip se caract\u00e9rise par sa simplicit\u00e9 et sa facilit\u00e9 d&rsquo;utilisation pour [&hellip;]\" \/>\n<meta property=\"og:url\" content=\"https:\/\/www.xclip.nl\/fr\/videos\/\" \/>\n<meta property=\"og:site_name\" content=\"X-Clip System\" \/>\n<meta property=\"article:modified_time\" content=\"2024-05-25T20:00:09+00:00\" \/>\n<meta name=\"twitter:card\" content=\"summary_large_image\" \/>\n<meta name=\"twitter:label1\" content=\"Dur\u00e9e de lecture estim\u00e9e\" \/>\n\t<meta name=\"twitter:data1\" content=\"1 minute\" \/>\n<script type=\"application\/ld+json\" class=\"yoast-schema-graph\">{\"@context\":\"https:\/\/schema.org\",\"@graph\":[{\"@type\":\"WebPage\",\"@id\":\"https:\/\/www.xclip.nl\/fr\/videos\/\",\"url\":\"https:\/\/www.xclip.nl\/fr\/videos\/\",\"name\":\"Videos - X-Clip System\",\"isPartOf\":{\"@id\":\"https:\/\/www.xclip.nl\/fr\/#website\"},\"datePublished\":\"2024-03-20T20:53:25+00:00\",\"dateModified\":\"2024-05-25T20:00:09+00:00\",\"breadcrumb\":{\"@id\":\"https:\/\/www.xclip.nl\/fr\/videos\/#breadcrumb\"},\"inLanguage\":\"fr-FR\",\"potentialAction\":[{\"@type\":\"ReadAction\",\"target\":[\"https:\/\/www.xclip.nl\/fr\/videos\/\"]}]},{\"@type\":\"BreadcrumbList\",\"@id\":\"https:\/\/www.xclip.nl\/fr\/videos\/#breadcrumb\",\"itemListElement\":[{\"@type\":\"ListItem\",\"position\":1,\"name\":\"Home\",\"item\":\"https:\/\/www.xclip.nl\/fr\/\"},{\"@type\":\"ListItem\",\"position\":2,\"name\":\"Videos\"}]},{\"@type\":\"WebSite\",\"@id\":\"https:\/\/www.xclip.nl\/fr\/#website\",\"url\":\"https:\/\/www.xclip.nl\/fr\/\",\"name\":\"X-Clip System\",\"description\":\"Klik &amp; Klaar\",\"publisher\":{\"@id\":\"https:\/\/www.xclip.nl\/fr\/#organization\"},\"potentialAction\":[{\"@type\":\"SearchAction\",\"target\":{\"@type\":\"EntryPoint\",\"urlTemplate\":\"https:\/\/www.xclip.nl\/fr\/?s={search_term_string}\"},\"query-input\":{\"@type\":\"PropertyValueSpecification\",\"valueRequired\":true,\"valueName\":\"search_term_string\"}}],\"inLanguage\":\"fr-FR\"},{\"@type\":\"Organization\",\"@id\":\"https:\/\/www.xclip.nl\/fr\/#organization\",\"name\":\"X-Clip System\",\"url\":\"https:\/\/www.xclip.nl\/fr\/\",\"logo\":{\"@type\":\"ImageObject\",\"inLanguage\":\"fr-FR\",\"@id\":\"https:\/\/www.xclip.nl\/fr\/#\/schema\/logo\/image\/\",\"url\":\"https:\/\/www.xclip.nl\/wp-content\/uploads\/2023\/12\/x-clip-logo-white.svg\",\"contentUrl\":\"https:\/\/www.xclip.nl\/wp-content\/uploads\/2023\/12\/x-clip-logo-white.svg\",\"width\":353,\"height\":74,\"caption\":\"X-Clip System\"},\"image\":{\"@id\":\"https:\/\/www.xclip.nl\/fr\/#\/schema\/logo\/image\/\"}}]}<\/script>\n<!-- \/ Yoast SEO plugin. -->","yoast_head_json":{"title":"Videos - X-Clip System","robots":{"index":"index","follow":"follow","max-snippet":"max-snippet:-1","max-image-preview":"max-image-preview:large","max-video-preview":"max-video-preview:-1"},"canonical":"https:\/\/www.xclip.nl\/fr\/videos\/","og_locale":"fr_FR","og_type":"article","og_title":"Videos - X-Clip System","og_description":"Videos Terrasse Le syst\u00e8me X-Clip se caract\u00e9rise par sa simplicit\u00e9 et sa facilit\u00e9 d&rsquo;utilisation pour chaque utilisateur et pour chaque projet. Bardage Le syst\u00e8me X-Clip se caract\u00e9rise par sa simplicit\u00e9 et sa facilit\u00e9 d&rsquo;utilisation pour chaque utilisateur et pour chaque projet. Cl\u00f4ture Le syst\u00e8me X-Clip se caract\u00e9rise par sa simplicit\u00e9 et sa facilit\u00e9 d&rsquo;utilisation pour [&hellip;]","og_url":"https:\/\/www.xclip.nl\/fr\/videos\/","og_site_name":"X-Clip System","article_modified_time":"2024-05-25T20:00:09+00:00","twitter_card":"summary_large_image","twitter_misc":{"Dur\u00e9e de lecture estim\u00e9e":"1 minute"},"schema":{"@context":"https:\/\/schema.org","@graph":[{"@type":"WebPage","@id":"https:\/\/www.xclip.nl\/fr\/videos\/","url":"https:\/\/www.xclip.nl\/fr\/videos\/","name":"Videos - X-Clip System","isPartOf":{"@id":"https:\/\/www.xclip.nl\/fr\/#website"},"datePublished":"2024-03-20T20:53:25+00:00","dateModified":"2024-05-25T20:00:09+00:00","breadcrumb":{"@id":"https:\/\/www.xclip.nl\/fr\/videos\/#breadcrumb"},"inLanguage":"fr-FR","potentialAction":[{"@type":"ReadAction","target":["https:\/\/www.xclip.nl\/fr\/videos\/"]}]},{"@type":"BreadcrumbList","@id":"https:\/\/www.xclip.nl\/fr\/videos\/#breadcrumb","itemListElement":[{"@type":"ListItem","position":1,"name":"Home","item":"https:\/\/www.xclip.nl\/fr\/"},{"@type":"ListItem","position":2,"name":"Videos"}]},{"@type":"WebSite","@id":"https:\/\/www.xclip.nl\/fr\/#website","url":"https:\/\/www.xclip.nl\/fr\/","name":"X-Clip System","description":"Klik &amp; Klaar","publisher":{"@id":"https:\/\/www.xclip.nl\/fr\/#organization"},"potentialAction":[{"@type":"SearchAction","target":{"@type":"EntryPoint","urlTemplate":"https:\/\/www.xclip.nl\/fr\/?s={search_term_string}"},"query-input":{"@type":"PropertyValueSpecification","valueRequired":true,"valueName":"search_term_string"}}],"inLanguage":"fr-FR"},{"@type":"Organization","@id":"https:\/\/www.xclip.nl\/fr\/#organization","name":"X-Clip System","url":"https:\/\/www.xclip.nl\/fr\/","logo":{"@type":"ImageObject","inLanguage":"fr-FR","@id":"https:\/\/www.xclip.nl\/fr\/#\/schema\/logo\/image\/","url":"https:\/\/www.xclip.nl\/wp-content\/uploads\/2023\/12\/x-clip-logo-white.svg","contentUrl":"https:\/\/www.xclip.nl\/wp-content\/uploads\/2023\/12\/x-clip-logo-white.svg","width":353,"height":74,"caption":"X-Clip System"},"image":{"@id":"https:\/\/www.xclip.nl\/fr\/#\/schema\/logo\/image\/"}}]}},"_links":{"self":[{"href":"https:\/\/www.xclip.nl\/fr\/wp-json\/wp\/v2\/pages\/2578","targetHints":{"allow":["GET"]}}],"collection":[{"href":"https:\/\/www.xclip.nl\/fr\/wp-json\/wp\/v2\/pages"}],"about":[{"href":"https:\/\/www.xclip.nl\/fr\/wp-json\/wp\/v2\/types\/page"}],"author":[{"embeddable":true,"href":"https:\/\/www.xclip.nl\/fr\/wp-json\/wp\/v2\/users\/1"}],"replies":[{"embeddable":true,"href":"https:\/\/www.xclip.nl\/fr\/wp-json\/wp\/v2\/comments?post=2578"}],"version-history":[{"count":9,"href":"https:\/\/www.xclip.nl\/fr\/wp-json\/wp\/v2\/pages\/2578\/revisions"}],"predecessor-version":[{"id":2593,"href":"https:\/\/www.xclip.nl\/fr\/wp-json\/wp\/v2\/pages\/2578\/revisions\/2593"}],"wp:attachment":[{"href":"https:\/\/www.xclip.nl\/fr\/wp-json\/wp\/v2\/media?parent=2578"}],"curies":[{"name":"wp","href":"https:\/\/api.w.org\/{rel}","templated":true}]}}